{"id":528,"date":"2024-03-07T10:37:45","date_gmt":"2024-03-07T07:37:45","guid":{"rendered":"https:\/\/aygenlojistik.com\/?page_id=528"},"modified":"2024-03-07T10:49:52","modified_gmt":"2024-03-07T07:49:52","slug":"528-2","status":"publish","type":"page","link":"http:\/\/aygenlojistik.com\/?page_id=528","title":{"rendered":"Hizmetlerimiz"},"content":{"rendered":"\n<p>Aygen Lojistik Hizmetleri olarak hava kargo ihtiya\u00e7lar\u0131n\u0131z\u0131 kar\u015f\u0131layacak kapsaml\u0131 bir hizmet yelpazesi sunuyoruz. Nakliyeden s\u00fcre\u00e7 boyunca yard\u0131ma kadar, lojistik s\u00fcrecinin her y\u00f6n\u00fcn\u00fc hassasiyetle ve detaylara dikkat ederek ele al\u0131yoruz.<\/p>\n\n\n\n<div class=\"wp-block-cover\"><span aria-hidden=\"true\" class=\"wp-block-cover__background has-background-dim\"><\/span><img loading=\"lazy\" decoding=\"async\" width=\"1024\" height=\"1024\" class=\"wp-block-cover__image-background wp-image-438\" alt=\"\" src=\"http:\/\/aygenlojistik.com\/wp-content\/uploads\/2024\/02\/Adsiz-tasarim-7-1024x1024.png\" data-object-fit=\"cover\" srcset=\"http:\/\/aygenlojistik.com\/wp-content\/uploads\/2024\/02\/Adsiz-tasarim-7-1024x1024.png 1024w, http:\/\/aygenlojistik.com\/wp-content\/uploads\/2024\/02\/Adsiz-tasarim-7-300x300.png 300w, http:\/\/aygenlojistik.com\/wp-content\/uploads\/2024\/02\/Adsiz-tasarim-7-150x150.png 150w, http:\/\/aygenlojistik.com\/wp-content\/uploads\/2024\/02\/Adsiz-tasarim-7-768x768.png 768w, http:\/\/aygenlojistik.com\/wp-content\/uploads\/2024\/02\/Adsiz-tasarim-7-1536x1536.png 1536w, http:\/\/aygenlojistik.com\/wp-content\/uploads\/2024\/02\/Adsiz-tasarim-7-2048x2048.png 2048w\" sizes=\"auto, (max-width: 1024px) 100vw, 1024px\" \/><div class=\"wp-block-cover__inner-container is-layout-flow wp-block-cover-is-layout-flow\">\n<p class=\"has-text-align-center has-large-font-size\"><\/p>\n<\/div><\/div>\n","protected":false},"excerpt":{"rendered":"<p>Aygen Lojistik Hizmetleri olarak hava kargo ihtiya\u00e7lar\u0131n\u0131z\u0131 kar\u015f\u0131layacak kapsaml\u0131 bir hizmet yelpazesi sunuyoruz. Nakliyeden s\u00fcre\u00e7 boyunca yard\u0131ma kadar, lojistik s\u00fcrecinin her y\u00f6n\u00fcn\u00fc hassasiyetle ve detaylara dikkat ederek ele al\u0131yoruz.<\/p>\n","protected":false},"author":1,"featured_media":0,"parent":0,"menu_order":0,"comment_status":"closed","ping_status":"closed","template":"","meta":{"footnotes":""},"class_list":["post-528","page","type-page","status-publish","hentry"],"_links":{"self":[{"href":"http:\/\/aygenlojistik.com\/index.php?rest_route=\/wp\/v2\/pages\/528","targetHints":{"allow":["GET"]}}],"collection":[{"href":"http:\/\/aygenlojistik.com\/index.php?rest_route=\/wp\/v2\/pages"}],"about":[{"href":"http:\/\/aygenlojistik.com\/index.php?rest_route=\/wp\/v2\/types\/page"}],"author":[{"embeddable":true,"href":"http:\/\/aygenlojistik.com\/index.php?rest_route=\/wp\/v2\/users\/1"}],"replies":[{"embeddable":true,"href":"http:\/\/aygenlojistik.com\/index.php?rest_route=%2Fwp%2Fv2%2Fcomments&post=528"}],"version-history":[{"count":4,"href":"http:\/\/aygenlojistik.com\/index.php?rest_route=\/wp\/v2\/pages\/528\/revisions"}],"predecessor-version":[{"id":539,"href":"http:\/\/aygenlojistik.com\/index.php?rest_route=\/wp\/v2\/pages\/528\/revisions\/539"}],"wp:attachment":[{"href":"http:\/\/aygenlojistik.com\/index.php?rest_route=%2Fwp%2Fv2%2Fmedia&parent=528"}],"curies":[{"name":"wp","href":"https:\/\/api.w.org\/{rel}","templated":true}]}}